{"id":353,"date":"2024-11-02T20:53:53","date_gmt":"2024-11-02T20:53:53","guid":{"rendered":"http:\/\/recantodasementinha.com.br\/?page_id=353"},"modified":"2024-11-03T15:11:07","modified_gmt":"2024-11-03T15:11:07","slug":"bercario-iii-b-presente-para-mamae","status":"publish","type":"page","link":"https:\/\/recantodasementinha.com.br\/?page_id=353","title":{"rendered":"Ber\u00e7\u00e1rio III B &#8211; Presente para Mam\u00e3e"},"content":{"rendered":"\t\t<div data-elementor-type=\"wp-page\" data-elementor-id=\"353\" class=\"elementor elementor-353\" data-elementor-settings=\"{&quot;ha_cmc_init_switcher&quot;:&quot;no&quot;}\" data-elementor-post-type=\"page\">\n\t\t\t\t<div class=\"elementor-element elementor-element-af8cb14 e-flex e-con-boxed e-con e-parent\" data-id=\"af8cb14\" data-element_type=\"container\" data-settings=\"{&quot;background_background&quot;:&quot;classic&quot;,&quot;_ha_eqh_enable&quot;:false}\">\n\t\t\t\t\t<div class=\"e-con-inner\">\n\t\t\t\t<div class=\"elementor-element elementor-element-404e3dc4 elementor-widget elementor-widget-heading\" data-id=\"404e3dc4\" data-element_type=\"widget\" data-widget_type=\"heading.default\">\n\t\t\t\t<div class=\"elementor-widget-container\">\n\t\t\t\t\t<h2 class=\"elementor-heading-title elementor-size-default\">Ber\u00e7\u00e1rio III B - Presente para Mam\u00e3e<\/h2>\t\t\t\t<\/div>\n\t\t\t\t<\/div>\n\t\t\t\t\t<\/div>\n\t\t\t\t<\/div>\n\t\t<div class=\"elementor-element elementor-element-13a00aa3 e-flex e-con-boxed e-con e-parent\" data-id=\"13a00aa3\" data-element_type=\"container\" data-settings=\"{&quot;_ha_eqh_enable&quot;:false}\">\n\t\t\t\t\t<div class=\"e-con-inner\">\n\t\t<div class=\"elementor-element elementor-element-17570e2c e-con-full e-flex e-con e-child\" data-id=\"17570e2c\" data-element_type=\"container\" data-settings=\"{&quot;_ha_eqh_enable&quot;:false}\">\n\t\t\t\t<div class=\"elementor-element elementor-element-4d41717c ha-image-grid--even elementor-widget elementor-widget-ha-image-grid happy-addon ha-image-grid\" data-id=\"4d41717c\" data-element_type=\"widget\" data-settings=\"{&quot;layout&quot;:&quot;even&quot;,&quot;enable_popup&quot;:&quot;yes&quot;}\" data-widget_type=\"ha-image-grid.default\">\n\t\t\t\t<div class=\"elementor-widget-container\">\n\t\t\t\t\t\n\t\t<div class=\"ha-image-grid__wrap hajs-isotope ha-lightbox--has\">\n\t\t\t\t\t\t\t\n\t\t\t\t<a href=\"#\" data-mfp-src=\"https:\/\/recantodasementinha.com.br\/wp-content\/uploads\/2024\/11\/5db1e19bdbeeb-1.jpg\" class=\"ha-image-grid__item ha-js-lightbox __fltr-1\">\n\t\t\t\t\t<img fetchpriority=\"high\" decoding=\"async\" width=\"774\" height=\"1032\" src=\"https:\/\/recantodasementinha.com.br\/wp-content\/uploads\/2024\/11\/5db1e19bdbeeb-1.jpg\" class=\"elementor-animation-grow\" alt=\"\" srcset=\"https:\/\/recantodasementinha.com.br\/wp-content\/uploads\/2024\/11\/5db1e19bdbeeb-1.jpg 774w, https:\/\/recantodasementinha.com.br\/wp-content\/uploads\/2024\/11\/5db1e19bdbeeb-1-225x300.jpg 225w, https:\/\/recantodasementinha.com.br\/wp-content\/uploads\/2024\/11\/5db1e19bdbeeb-1-768x1024.jpg 768w\" sizes=\"(max-width: 774px) 100vw, 774px\" \/>\t\t\t\t<\/a>\n\t\t\t\t\t\t\t\n\t\t\t\t<a href=\"#\" data-mfp-src=\"https:\/\/recantodasementinha.com.br\/wp-content\/uploads\/2024\/11\/5db1e19d36bb3.jpg\" class=\"ha-image-grid__item ha-js-lightbox __fltr-1\">\n\t\t\t\t\t<img decoding=\"async\" width=\"1032\" height=\"774\" src=\"https:\/\/recantodasementinha.com.br\/wp-content\/uploads\/2024\/11\/5db1e19d36bb3.jpg\" class=\"elementor-animation-grow\" alt=\"\" srcset=\"https:\/\/recantodasementinha.com.br\/wp-content\/uploads\/2024\/11\/5db1e19d36bb3.jpg 1032w, https:\/\/recantodasementinha.com.br\/wp-content\/uploads\/2024\/11\/5db1e19d36bb3-300x225.jpg 300w, https:\/\/recantodasementinha.com.br\/wp-content\/uploads\/2024\/11\/5db1e19d36bb3-1024x768.jpg 1024w, https:\/\/recantodasementinha.com.br\/wp-content\/uploads\/2024\/11\/5db1e19d36bb3-768x576.jpg 768w\" sizes=\"(max-width: 1032px) 100vw, 1032px\" \/>\t\t\t\t<\/a>\n\t\t\t\t\t\t\t\n\t\t\t\t<a href=\"#\" data-mfp-src=\"https:\/\/recantodasementinha.com.br\/wp-content\/uploads\/2024\/11\/5db1e1984ef04.jpg\" class=\"ha-image-grid__item ha-js-lightbox __fltr-1\">\n\t\t\t\t\t<img decoding=\"async\" width=\"774\" height=\"1032\" src=\"https:\/\/recantodasementinha.com.br\/wp-content\/uploads\/2024\/11\/5db1e1984ef04.jpg\" class=\"elementor-animation-grow\" alt=\"\" srcset=\"https:\/\/recantodasementinha.com.br\/wp-content\/uploads\/2024\/11\/5db1e1984ef04.jpg 774w, https:\/\/recantodasementinha.com.br\/wp-content\/uploads\/2024\/11\/5db1e1984ef04-225x300.jpg 225w, https:\/\/recantodasementinha.com.br\/wp-content\/uploads\/2024\/11\/5db1e1984ef04-768x1024.jpg 768w\" sizes=\"(max-width: 774px) 100vw, 774px\" \/>\t\t\t\t<\/a>\n\t\t\t\t\t\t\t\n\t\t\t\t<a href=\"#\" data-mfp-src=\"https:\/\/recantodasementinha.com.br\/wp-content\/uploads\/2024\/11\/5db1e1993378f.jpg\" class=\"ha-image-grid__item ha-js-lightbox __fltr-1\">\n\t\t\t\t\t<img loading=\"lazy\" decoding=\"async\" width=\"774\" height=\"1032\" src=\"https:\/\/recantodasementinha.com.br\/wp-content\/uploads\/2024\/11\/5db1e1993378f.jpg\" class=\"elementor-animation-grow\" alt=\"\" srcset=\"https:\/\/recantodasementinha.com.br\/wp-content\/uploads\/2024\/11\/5db1e1993378f.jpg 774w, https:\/\/recantodasementinha.com.br\/wp-content\/uploads\/2024\/11\/5db1e1993378f-225x300.jpg 225w, https:\/\/recantodasementinha.com.br\/wp-content\/uploads\/2024\/11\/5db1e1993378f-768x1024.jpg 768w\" sizes=\"(max-width: 774px) 100vw, 774px\" \/>\t\t\t\t<\/a>\n\t\t\t\t\t\t\t\n\t\t\t\t<a href=\"#\" data-mfp-src=\"https:\/\/recantodasementinha.com.br\/wp-content\/uploads\/2024\/11\/5db1e19a0914d.jpg\" class=\"ha-image-grid__item ha-js-lightbox __fltr-1\">\n\t\t\t\t\t<img loading=\"lazy\" decoding=\"async\" width=\"774\" height=\"1032\" src=\"https:\/\/recantodasementinha.com.br\/wp-content\/uploads\/2024\/11\/5db1e19a0914d.jpg\" class=\"elementor-animation-grow\" alt=\"\" srcset=\"https:\/\/recantodasementinha.com.br\/wp-content\/uploads\/2024\/11\/5db1e19a0914d.jpg 774w, https:\/\/recantodasementinha.com.br\/wp-content\/uploads\/2024\/11\/5db1e19a0914d-225x300.jpg 225w, https:\/\/recantodasementinha.com.br\/wp-content\/uploads\/2024\/11\/5db1e19a0914d-768x1024.jpg 768w\" sizes=\"(max-width: 774px) 100vw, 774px\" \/>\t\t\t\t<\/a>\n\t\t\t\t\t\t\t\n\t\t\t\t<a href=\"#\" data-mfp-src=\"https:\/\/recantodasementinha.com.br\/wp-content\/uploads\/2024\/11\/5db1e19af26b8.jpg\" class=\"ha-image-grid__item ha-js-lightbox __fltr-1\">\n\t\t\t\t\t<img loading=\"lazy\" decoding=\"async\" width=\"774\" height=\"1032\" src=\"https:\/\/recantodasementinha.com.br\/wp-content\/uploads\/2024\/11\/5db1e19af26b8.jpg\" class=\"elementor-animation-grow\" alt=\"\" srcset=\"https:\/\/recantodasementinha.com.br\/wp-content\/uploads\/2024\/11\/5db1e19af26b8.jpg 774w, https:\/\/recantodasementinha.com.br\/wp-content\/uploads\/2024\/11\/5db1e19af26b8-225x300.jpg 225w, https:\/\/recantodasementinha.com.br\/wp-content\/uploads\/2024\/11\/5db1e19af26b8-768x1024.jpg 768w\" sizes=\"(max-width: 774px) 100vw, 774px\" \/>\t\t\t\t<\/a>\n\t\t\t\t\t\t\t\n\t\t\t\t<a href=\"#\" data-mfp-src=\"https:\/\/recantodasementinha.com.br\/wp-content\/uploads\/2024\/11\/5db1e19ea5d55.jpg\" class=\"ha-image-grid__item ha-js-lightbox __fltr-1\">\n\t\t\t\t\t<img loading=\"lazy\" decoding=\"async\" width=\"1032\" height=\"774\" src=\"https:\/\/recantodasementinha.com.br\/wp-content\/uploads\/2024\/11\/5db1e19ea5d55.jpg\" class=\"elementor-animation-grow\" alt=\"\" srcset=\"https:\/\/recantodasementinha.com.br\/wp-content\/uploads\/2024\/11\/5db1e19ea5d55.jpg 1032w, https:\/\/recantodasementinha.com.br\/wp-content\/uploads\/2024\/11\/5db1e19ea5d55-300x225.jpg 300w, https:\/\/recantodasementinha.com.br\/wp-content\/uploads\/2024\/11\/5db1e19ea5d55-1024x768.jpg 1024w, https:\/\/recantodasementinha.com.br\/wp-content\/uploads\/2024\/11\/5db1e19ea5d55-768x576.jpg 768w\" sizes=\"(max-width: 1032px) 100vw, 1032px\" \/>\t\t\t\t<\/a>\n\t\t\t\t\t\t\t\n\t\t\t\t<a href=\"#\" data-mfp-src=\"https:\/\/recantodasementinha.com.br\/wp-content\/uploads\/2024\/11\/5db1e19739dcd.jpg\" class=\"ha-image-grid__item ha-js-lightbox __fltr-1\">\n\t\t\t\t\t<img loading=\"lazy\" decoding=\"async\" width=\"774\" height=\"1032\" src=\"https:\/\/recantodasementinha.com.br\/wp-content\/uploads\/2024\/11\/5db1e19739dcd.jpg\" class=\"elementor-animation-grow\" alt=\"\" srcset=\"https:\/\/recantodasementinha.com.br\/wp-content\/uploads\/2024\/11\/5db1e19739dcd.jpg 774w, https:\/\/recantodasementinha.com.br\/wp-content\/uploads\/2024\/11\/5db1e19739dcd-225x300.jpg 225w, https:\/\/recantodasementinha.com.br\/wp-content\/uploads\/2024\/11\/5db1e19739dcd-768x1024.jpg 768w\" sizes=\"(max-width: 774px) 100vw, 774px\" \/>\t\t\t\t<\/a>\n\t\t\t\t\t\t\t\n\t\t\t\t<a href=\"#\" data-mfp-src=\"https:\/\/recantodasementinha.com.br\/wp-content\/uploads\/2024\/11\/5db1e195d6f4f.jpg\" class=\"ha-image-grid__item ha-js-lightbox __fltr-1\">\n\t\t\t\t\t<img loading=\"lazy\" decoding=\"async\" width=\"774\" height=\"1032\" src=\"https:\/\/recantodasementinha.com.br\/wp-content\/uploads\/2024\/11\/5db1e195d6f4f.jpg\" class=\"elementor-animation-grow\" alt=\"\" srcset=\"https:\/\/recantodasementinha.com.br\/wp-content\/uploads\/2024\/11\/5db1e195d6f4f.jpg 774w, https:\/\/recantodasementinha.com.br\/wp-content\/uploads\/2024\/11\/5db1e195d6f4f-225x300.jpg 225w, https:\/\/recantodasementinha.com.br\/wp-content\/uploads\/2024\/11\/5db1e195d6f4f-768x1024.jpg 768w\" sizes=\"(max-width: 774px) 100vw, 774px\" \/>\t\t\t\t<\/a>\n\t\t\t\t\t<\/div>\n\n\t\t\t\t\t\t<\/div>\n\t\t\t\t<\/div>\n\t\t\t\t<div class=\"elementor-element elementor-element-15d0a347 elementor-widget-divider--view-line elementor-widget elementor-widget-divider\" data-id=\"15d0a347\" data-element_type=\"widget\" data-widget_type=\"divider.default\">\n\t\t\t\t<div class=\"elementor-widget-container\">\n\t\t\t\t\t\t\t<div class=\"elementor-divider\">\n\t\t\t<span class=\"elementor-divider-separator\">\n\t\t\t\t\t\t<\/span>\n\t\t<\/div>\n\t\t\t\t\t\t<\/div>\n\t\t\t\t<\/div>\n\t\t\t\t<div class=\"elementor-element elementor-element-6b239165 elementor-align-right elementor-widget elementor-widget-button\" data-id=\"6b239165\" data-element_type=\"widget\" data-widget_type=\"button.default\">\n\t\t\t\t<div class=\"elementor-widget-container\">\n\t\t\t\t\t\t\t\t\t<div class=\"elementor-button-wrapper\">\n\t\t\t\t\t<a class=\"elementor-button elementor-button-link elementor-size-sm\" href=\"http:\/\/recantodasementinha.com.br\/home\/\">\n\t\t\t\t\t\t<span class=\"elementor-button-content-wrapper\">\n\t\t\t\t\t\t\t\t\t<span class=\"elementor-button-text\">Voltar<\/span>\n\t\t\t\t\t<\/span>\n\t\t\t\t\t<\/a>\n\t\t\t\t<\/div>\n\t\t\t\t\t\t\t\t<\/div>\n\t\t\t\t<\/div>\n\t\t\t\t<\/div>\n\t\t\t\t\t<\/div>\n\t\t\t\t<\/div>\n\t\t\t\t<\/div>\n\t\t","protected":false},"excerpt":{"rendered":"<p>Ber\u00e7\u00e1rio III B &#8211; Presente para Mam\u00e3e Voltar<\/p>\n","protected":false},"author":2,"featured_media":0,"parent":0,"menu_order":0,"comment_status":"closed","ping_status":"closed","template":"elementor_header_footer","meta":{"footnotes":""},"class_list":["post-353","page","type-page","status-publish","hentry"],"_links":{"self":[{"href":"https:\/\/recantodasementinha.com.br\/index.php?rest_route=\/wp\/v2\/pages\/353","targetHints":{"allow":["GET"]}}],"collection":[{"href":"https:\/\/recantodasementinha.com.br\/index.php?rest_route=\/wp\/v2\/pages"}],"about":[{"href":"https:\/\/recantodasementinha.com.br\/index.php?rest_route=\/wp\/v2\/types\/page"}],"author":[{"embeddable":true,"href":"https:\/\/recantodasementinha.com.br\/index.php?rest_route=\/wp\/v2\/users\/2"}],"replies":[{"embeddable":true,"href":"https:\/\/recantodasementinha.com.br\/index.php?rest_route=%2Fwp%2Fv2%2Fcomments&post=353"}],"version-history":[{"count":10,"href":"https:\/\/recantodasementinha.com.br\/index.php?rest_route=\/wp\/v2\/pages\/353\/revisions"}],"predecessor-version":[{"id":1475,"href":"https:\/\/recantodasementinha.com.br\/index.php?rest_route=\/wp\/v2\/pages\/353\/revisions\/1475"}],"wp:attachment":[{"href":"https:\/\/recantodasementinha.com.br\/index.php?rest_route=%2Fwp%2Fv2%2Fmedia&parent=353"}],"curies":[{"name":"wp","href":"https:\/\/api.w.org\/{rel}","templated":true}]}}